{"id":919,"date":"2025-04-17T13:32:57","date_gmt":"2025-04-17T11:32:57","guid":{"rendered":"https:\/\/www.slavaschool.cz\/zpracovani-osobnich-udaju\/"},"modified":"2025-07-21T15:20:39","modified_gmt":"2025-07-21T13:20:39","slug":"zpracovani-osobnich-udaju","status":"publish","type":"page","link":"https:\/\/www.slavaschool.cz\/uk\/zpracovani-osobnich-udaju\/","title":{"rendered":"\u041e\u0431\u0440\u043e\u0431\u043a\u0430 \u043f\u0435\u0440\u0441\u043e\u043d\u0430\u043b\u044c\u043d\u0438\u0445 \u0434\u0430\u043d\u0438\u0445"},"content":{"rendered":"<p><strong>1.<\/strong> \u041a\u043e\u043c\u043f\u0430\u043d\u0456\u044f <strong data-start=\"190\" data-end=\"213\">SLAVA School s.r.o.<\/strong>, \u0437 \u043e\u0444\u0456\u0441\u043e\u043c \u0437\u0430 \u0430\u0434\u0440\u0435\u0441\u043e\u044e <strong data-start=\"235\" data-end=\"289\">Karlovo n\u00e1m\u011bst\u00ed 292\/15, \u041d\u043e\u0432\u0435 \u041c\u0454\u0441\u0442\u043e, 120 00 \u041f\u0440\u0430\u0433\u0430 2<\/strong>, \u0437\u0430\u0440\u0435\u0454\u0441\u0442\u0440\u043e\u0432\u0430\u043d\u0430 \u0432 <strong data-start=\"307\" data-end=\"332\">\u041c\u0456\u0441\u044c\u043a\u043e\u043c\u0443 \u0441\u0443\u0434\u0456 \u0432 \u041f\u0440\u0430\u0437\u0456<\/strong>, \u043d\u043e\u043c\u0435\u0440 \u0441\u043f\u0440\u0430\u0432\u0438 <strong data-start=\"347\" data-end=\"359\">C 387098<\/strong>, \u043e\u0431\u0440\u043e\u0431\u043b\u044f\u0454 \u043d\u0430\u0441\u0442\u0443\u043f\u043d\u0456 \u043f\u0435\u0440\u0441\u043e\u043d\u0430\u043b\u044c\u043d\u0456 \u0434\u0430\u043d\u0456 \u0443 \u0432\u0438\u043f\u0430\u0434\u043a\u0443 \u0432\u0456\u0434\u043f\u043e\u0432\u0456\u0434\u0456 \u043d\u0430 \u0437\u0430\u043f\u0438\u0442, \u043d\u0430\u0434\u0456\u0441\u043b\u0430\u043d\u0438\u0439 \u0447\u0435\u0440\u0435\u0437 \u043a\u043e\u043d\u0442\u0430\u043a\u0442\u043d\u0443 \u0444\u043e\u0440\u043c\u0443 \u0435\u043b\u0435\u043a\u0442\u0440\u043e\u043d\u043d\u043e\u0457 \u043f\u043e\u0448\u0442\u0438, \u0443 \u0440\u043e\u0437\u0443\u043c\u0456\u043d\u043d\u0456 \u0420\u0435\u0433\u043b\u0430\u043c\u0435\u043d\u0442\u0443 (\u0404\u0421) \u2116 2016\/679 \u0404\u0432\u0440\u043e\u043f\u0435\u0439\u0441\u044c\u043a\u043e\u0433\u043e \u041f\u0430\u0440\u043b\u0430\u043c\u0435\u043d\u0442\u0443 \u0442\u0430 \u0420\u0430\u0434\u0438 \u043f\u0440\u043e \u0437\u0430\u0445\u0438\u0441\u0442 \u0444\u0456\u0437\u0438\u0447\u043d\u0438\u0445 \u043e\u0441\u0456\u0431 \u0443 \u0437\u0432\u2019\u044f\u0437\u043a\u0443 \u0437 \u043e\u0431\u0440\u043e\u0431\u043a\u043e\u044e \u043f\u0435\u0440\u0441\u043e\u043d\u0430\u043b\u044c\u043d\u0438\u0445 \u0434\u0430\u043d\u0438\u0445 \u0456 \u043f\u0440\u043e \u0432\u0456\u043b\u044c\u043d\u0438\u0439 \u0440\u0443\u0445 \u0442\u0430\u043a\u0438\u0445 \u0434\u0430\u043d\u0438\u0445 \u0442\u0430 \u043f\u0440\u043e \u0441\u043a\u0430\u0441\u0443\u0432\u0430\u043d\u043d\u044f \u0414\u0438\u0440\u0435\u043a\u0442\u0438\u0432\u0438 95\/46\/EC (\u0417\u0430\u0433\u0430\u043b\u044c\u043d\u0438\u0439 \u0440\u0435\u0433\u043b\u0430\u043c\u0435\u043d\u0442 \u043f\u0440\u043e \u0437\u0430\u0445\u0438\u0441\u0442 \u0434\u0430\u043d\u0438\u0445) (\u0434\u0430\u043b\u0456 \u0442\u0430\u043a\u043e\u0436 \u0437\u0433\u0430\u0434\u0443\u0454\u0442\u044c\u0441\u044f \u044f\u043a \u00ab\u0420\u0435\u0433\u043b\u0430\u043c\u0435\u043d\u0442\u00bb):<\/p>\n<ul>\n<li>\u0456\u043c&#8217;\u044f \u0442\u0430 \u043f\u0440\u0456\u0437\u0432\u0438\u0449\u0435,<\/li>\n<li>\u0442\u0435\u043b\u0435\u0444\u043e\u043d,<\/li>\n<li>email.<\/li>\n<\/ul>\n<p><strong>2.<\/strong> \u0406\u043c\u2019\u044f, \u043f\u0440\u0456\u0437\u0432\u0438\u0449\u0435, \u043d\u043e\u043c\u0435\u0440 \u0442\u0435\u043b\u0435\u0444\u043e\u043d\u0443 \u0442\u0430 \u0435\u043b\u0435\u043a\u0442\u0440\u043e\u043d\u043d\u0430 \u043f\u043e\u0448\u0442\u0430 \u043f\u043e\u0432\u0438\u043d\u043d\u0456 \u0431\u0443\u0442\u0438 \u043e\u0431\u0440\u043e\u0431\u043b\u0435\u043d\u0456 \u0434\u043b\u044f \u0442\u043e\u0433\u043e, \u0449\u043e\u0431 \u0432\u0456\u0434\u043f\u043e\u0432\u0456\u0441\u0442\u0438 \u043d\u0430 \u0437\u0430\u043f\u0438\u0442, \u0437\u0440\u043e\u0431\u043b\u0435\u043d\u0438\u0439 \u0437\u0430 \u0434\u043e\u043f\u043e\u043c\u043e\u0433\u043e\u044e \u043a\u043e\u043d\u0442\u0430\u043a\u0442\u043d\u043e\u0457 \u0444\u043e\u0440\u043c\u0438. \u0426\u0456 \u043f\u0435\u0440\u0441\u043e\u043d\u0430\u043b\u044c\u043d\u0456 \u0434\u0430\u043d\u0456 \u0431\u0443\u0434\u0443\u0442\u044c \u043e\u0431\u0440\u043e\u0431\u043b\u044f\u0442\u0438\u0441\u044f \u043a\u043e\u043c\u043f\u0430\u043d\u0456\u0454\u044e <strong data-start=\"1009\" data-end=\"1032\">SLAVA School s.r.o.<\/strong> \u043f\u0440\u043e\u0442\u044f\u0433\u043e\u043c 6 \u043c\u0456\u0441\u044f\u0446\u0456\u0432.<\/p>\n<p><strong>3.<\/strong> \u041e\u0431\u0440\u043e\u0431\u043a\u0430 \u043f\u0435\u0440\u0441\u043e\u043d\u0430\u043b\u044c\u043d\u0438\u0445 \u0434\u0430\u043d\u0438\u0445 \u0437\u0434\u0456\u0439\u0441\u043d\u044e\u0454\u0442\u044c\u0441\u044f \u043a\u043e\u043c\u043f\u0430\u043d\u0456\u0454\u044e <strong data-start=\"1107\" data-end=\"1130\">SLAVA School s.r.o.<\/strong>, \u0442\u043e\u0431\u0442\u043e \u043a\u043e\u043d\u0442\u0440\u043e\u043b\u0435\u0440\u043e\u043c \u043f\u0435\u0440\u0441\u043e\u043d\u0430\u043b\u044c\u043d\u0438\u0445 \u0434\u0430\u043d\u0438\u0445, \u043e\u0434\u043d\u0430\u043a \u043f\u0435\u0440\u0441\u043e\u043d\u0430\u043b\u044c\u043d\u0456 \u0434\u0430\u043d\u0456 \u043c\u043e\u0436\u0443\u0442\u044c \u0442\u0430\u043a\u043e\u0436 \u043e\u0431\u0440\u043e\u0431\u043b\u044f\u0442\u0438\u0441\u044f \u0434\u043b\u044f \u0446\u0456\u0454\u0457 \u043a\u043e\u043c\u043f\u0430\u043d\u0456\u0457 \u043d\u0430\u0441\u0442\u0443\u043f\u043d\u0438\u043c\u0438 \u043f\u0440\u043e\u0446\u0435\u0441\u043e\u0440\u0430\u043c\u0438:<br \/>\n<u><\/u><\/p>\n<ul>\n<li><a href=\"https:\/\/www.mrkev.cz\/\"><strong>Mrkev media<\/strong><\/a><\/li>\n<li><a href=\"https:\/\/bananza.cz\/\"><strong>Bananza<\/strong><\/a><\/li>\n<\/ul>\n<p><strong>4.<\/strong> \u0417\u0432\u0435\u0440\u043d\u0456\u0442\u044c \u0443\u0432\u0430\u0433\u0443, \u0449\u043e \u0432\u0456\u0434\u043f\u043e\u0432\u0456\u0434\u043d\u043e \u0434\u043e \u0417\u0430\u043a\u043e\u043d\u0443 \u043f\u0440\u043e \u0437\u0430\u0445\u0438\u0441\u0442 \u0434\u0430\u043d\u0438\u0445 \u0432\u0438 \u043c\u0430\u0454\u0442\u0435 \u043d\u0430 \u0446\u0435 \u043f\u0440\u0430\u0432\u043e:<\/p>\n<ul>\n<li>\u0432\u0438\u043c\u0430\u0433\u0430\u0442\u0438 \u0432\u0456\u0434 \u043d\u0430\u0441 \u0456\u043d\u0444\u043e\u0440\u043c\u0430\u0446\u0456\u044e \u043f\u0440\u043e \u0442\u0435, \u044f\u043a\u0456 \u043f\u0435\u0440\u0441\u043e\u043d\u0430\u043b\u044c\u043d\u0456 \u0434\u0430\u043d\u0456 \u043f\u0440\u043e \u0432\u0430\u0441 \u043c\u0438 \u043e\u0431\u0440\u043e\u0431\u043b\u044f\u0454\u043c\u043e,<\/li>\n<li>\u0432\u0438\u043c\u0430\u0433\u0430\u0442\u0438 \u0432\u0456\u0434 \u043d\u0430\u0441 \u043f\u043e\u044f\u0441\u043d\u0435\u043d\u043d\u044f \u0449\u043e\u0434\u043e \u043e\u0431\u0440\u043e\u0431\u043a\u0438 \u0432\u0430\u0448\u0438\u0445 \u043f\u0435\u0440\u0441\u043e\u043d\u0430\u043b\u044c\u043d\u0438\u0445 \u0434\u0430\u043d\u0438\u0445,<\/li>\n<li>\u0432\u0438\u043c\u0430\u0433\u0430\u0442\u0438 \u0434\u043e\u0441\u0442\u0443\u043f\u0443 \u0434\u043e \u0446\u0438\u0445 \u0434\u0430\u043d\u0438\u0445 \u0442\u0430 \u0457\u0445 \u043e\u043d\u043e\u0432\u043b\u0435\u043d\u043d\u044f \u0430\u0431\u043e \u0432\u0438\u043f\u0440\u0430\u0432\u043b\u0435\u043d\u043d\u044f,<\/li>\n<li>\u0432\u0438\u043c\u0430\u0433\u0430\u0442\u0438 \u0432\u0438\u0434\u0430\u043b\u0435\u043d\u043d\u044f \u0446\u0438\u0445 \u043f\u0435\u0440\u0441\u043e\u043d\u0430\u043b\u044c\u043d\u0438\u0445 \u0434\u0430\u043d\u0438\u0445 &#8211; \u043e\u0434\u043d\u0430\u043a \u0442\u0430\u043a\u0435 \u0432\u0438\u0434\u0430\u043b\u0435\u043d\u043d\u044f \u043f\u0440\u0438\u0437\u0432\u0435\u0434\u0435 \u0434\u043e \u043f\u0440\u0438\u043f\u0438\u043d\u0435\u043d\u043d\u044f \u043f\u0435\u0440\u0435\u0433\u043e\u0432\u043e\u0440\u0456\u0432 \u043f\u0440\u043e \u0443\u043a\u043b\u0430\u0434\u0435\u043d\u043d\u044f \u0434\u043e\u0433\u043e\u0432\u043e\u0440\u0443,<\/li>\n<li>\u0437\u0432\u0435\u0440\u0442\u0430\u0442\u0438\u0441\u044f \u0434\u043e \u043d\u0430\u0441 \u0430\u0431\u043e \u0434\u043e \u0423\u043f\u0440\u0430\u0432\u043b\u0456\u043d\u043d\u044f \u0437 \u043f\u0438\u0442\u0430\u043d\u044c \u0437\u0430\u0445\u0438\u0441\u0442\u0443 \u0434\u0430\u043d\u0438\u0445, \u044f\u043a\u0449\u043e \u0443 \u0432\u0430\u0441 \u0432\u0438\u043d\u0438\u043a\u043d\u0443\u0442\u044c \u0441\u0443\u043c\u043d\u0456\u0432\u0438 \u0449\u043e\u0434\u043e \u0434\u043e\u0442\u0440\u0438\u043c\u0430\u043d\u043d\u044f \u0437\u043e\u0431\u043e\u0432&#8217;\u044f\u0437\u0430\u043d\u044c, \u043f\u043e\u0432&#8217;\u044f\u0437\u0430\u043d\u0438\u0445 \u0437 \u043e\u0431\u0440\u043e\u0431\u043a\u043e\u044e \u043f\u0435\u0440\u0441\u043e\u043d\u0430\u043b\u044c\u043d\u0438\u0445 \u0434\u0430\u043d\u0438\u0445.<\/li>\n<\/ul>\n<h2><\/h2>\n","protected":false},"excerpt":{"rendered":"<p>1. \u041a\u043e\u043c\u043f\u0430\u043d\u0456\u044f SLAVA School s.r.o., \u0437 \u043e\u0444\u0456\u0441\u043e\u043c \u0437\u0430 \u0430\u0434\u0440\u0435\u0441\u043e\u044e Karlovo n\u00e1m\u011bst\u00ed 292\/15, \u041d\u043e\u0432\u0435 \u041c\u0454\u0441\u0442\u043e, 120 00 \u041f\u0440\u0430\u0433\u0430 2, (&hellip;)<\/p>\n","protected":false},"author":1,"featured_media":0,"parent":0,"menu_order":0,"comment_status":"closed","ping_status":"closed","template":"","meta":{"_acf_changed":false,"inline_featured_image":false,"footnotes":""},"class_list":["post-919","page","type-page","status-publish","hentry"],"acf":[],"aioseo_notices":[],"_links":{"self":[{"href":"https:\/\/www.slavaschool.cz\/uk\/wp-json\/wp\/v2\/pages\/919","targetHints":{"allow":["GET"]}}],"collection":[{"href":"https:\/\/www.slavaschool.cz\/uk\/wp-json\/wp\/v2\/pages"}],"about":[{"href":"https:\/\/www.slavaschool.cz\/uk\/wp-json\/wp\/v2\/types\/page"}],"author":[{"embeddable":true,"href":"https:\/\/www.slavaschool.cz\/uk\/wp-json\/wp\/v2\/users\/1"}],"replies":[{"embeddable":true,"href":"https:\/\/www.slavaschool.cz\/uk\/wp-json\/wp\/v2\/comments?post=919"}],"version-history":[{"count":5,"href":"https:\/\/www.slavaschool.cz\/uk\/wp-json\/wp\/v2\/pages\/919\/revisions"}],"predecessor-version":[{"id":1414,"href":"https:\/\/www.slavaschool.cz\/uk\/wp-json\/wp\/v2\/pages\/919\/revisions\/1414"}],"wp:attachment":[{"href":"https:\/\/www.slavaschool.cz\/uk\/wp-json\/wp\/v2\/media?parent=919"}],"curies":[{"name":"wp","href":"https:\/\/api.w.org\/{rel}","templated":true}]}}