{"id":65,"date":"2025-04-22T10:47:45","date_gmt":"2025-04-22T08:47:45","guid":{"rendered":"https:\/\/www.slavaschool.cz\/?page_id=65"},"modified":"2025-08-09T22:29:29","modified_gmt":"2025-08-09T20:29:29","slug":"uvodni-stranka-uk","status":"publish","type":"page","link":"https:\/\/www.slavaschool.cz\/uk\/","title":{"rendered":"\u00davodn\u00ed str\u00e1nka UK"},"content":{"rendered":"","protected":false},"excerpt":{"rendered":"","protected":false},"author":1,"featured_media":0,"parent":0,"menu_order":0,"comment_status":"closed","ping_status":"closed","template":"","meta":{"_acf_changed":false,"inline_featured_image":false,"footnotes":""},"class_list":["post-65","page","type-page","status-publish","hentry"],"acf":[],"aioseo_notices":[],"_links":{"self":[{"href":"https:\/\/www.slavaschool.cz\/uk\/wp-json\/wp\/v2\/pages\/65","targetHints":{"allow":["GET"]}}],"collection":[{"href":"https:\/\/www.slavaschool.cz\/uk\/wp-json\/wp\/v2\/pages"}],"about":[{"href":"https:\/\/www.slavaschool.cz\/uk\/wp-json\/wp\/v2\/types\/page"}],"author":[{"embeddable":true,"href":"https:\/\/www.slavaschool.cz\/uk\/wp-json\/wp\/v2\/users\/1"}],"replies":[{"embeddable":true,"href":"https:\/\/www.slavaschool.cz\/uk\/wp-json\/wp\/v2\/comments?post=65"}],"version-history":[{"count":10,"href":"https:\/\/www.slavaschool.cz\/uk\/wp-json\/wp\/v2\/pages\/65\/revisions"}],"predecessor-version":[{"id":1636,"href":"https:\/\/www.slavaschool.cz\/uk\/wp-json\/wp\/v2\/pages\/65\/revisions\/1636"}],"wp:attachment":[{"href":"https:\/\/www.slavaschool.cz\/uk\/wp-json\/wp\/v2\/media?parent=65"}],"curies":[{"name":"wp","href":"https:\/\/api.w.org\/{rel}","templated":true}]}}