{"id":918,"date":"2025-04-17T13:32:57","date_gmt":"2025-04-17T11:32:57","guid":{"rendered":"https:\/\/www.slavaschool.cz\/zpracovani-osobnich-udaju\/"},"modified":"2025-07-21T15:21:10","modified_gmt":"2025-07-21T13:21:10","slug":"zpracovani-osobnich-udaju","status":"publish","type":"page","link":"https:\/\/www.slavaschool.cz\/ru\/zpracovani-osobnich-udaju\/","title":{"rendered":"\u041e\u0431\u0440\u0430\u0431\u043e\u0442\u043a\u0430 \u043f\u0435\u0440\u0441\u043e\u043d\u0430\u043b\u044c\u043d\u044b\u0445 \u0434\u0430\u043d\u043d\u044b\u0445"},"content":{"rendered":"<p><strong>1.<\/strong> \u041a\u043e\u043c\u043f\u0430\u043d\u0438\u044f <strong data-start=\"1939\" data-end=\"1962\">SLAVA School s.r.o.<\/strong>, \u0441 \u044e\u0440\u0438\u0434\u0438\u0447\u0435\u0441\u043a\u0438\u043c \u0430\u0434\u0440\u0435\u0441\u043e\u043c <strong data-start=\"1986\" data-end=\"2040\">Karlovo n\u00e1m\u011bst\u00ed 292\/15, \u041d\u043e\u0432\u0435 \u041c\u0435\u0441\u0442\u043e, 120 00 \u041f\u0440\u0430\u0433\u0430 2<\/strong>, \u0437\u0430\u0440\u0435\u0433\u0438\u0441\u0442\u0440\u0438\u0440\u043e\u0432\u0430\u043d\u0430 \u0432 <strong data-start=\"2061\" data-end=\"2087\">\u0413\u043e\u0440\u043e\u0434\u0441\u043a\u043e\u043c \u0441\u0443\u0434\u0435 \u0432 \u041f\u0440\u0430\u0433\u0435<\/strong>, \u0440\u0435\u0433\u0438\u0441\u0442\u0440\u0430\u0446\u0438\u043e\u043d\u043d\u044b\u0439 \u043d\u043e\u043c\u0435\u0440 <strong data-start=\"2111\" data-end=\"2123\">C 387098<\/strong>, \u043e\u0431\u0440\u0430\u0431\u0430\u0442\u044b\u0432\u0430\u0435\u0442 \u0441\u043b\u0435\u0434\u0443\u044e\u0449\u0438\u0435 \u043f\u0435\u0440\u0441\u043e\u043d\u0430\u043b\u044c\u043d\u044b\u0435 \u0434\u0430\u043d\u043d\u044b\u0435 \u0432 \u0441\u043b\u0443\u0447\u0430\u0435 \u043e\u0442\u0432\u0435\u0442\u0430 \u043d\u0430 \u0437\u0430\u043f\u0440\u043e\u0441, \u043e\u0442\u043f\u0440\u0430\u0432\u043b\u0435\u043d\u043d\u044b\u0439 \u0447\u0435\u0440\u0435\u0437 \u043a\u043e\u043d\u0442\u0430\u043a\u0442\u043d\u0443\u044e \u0444\u043e\u0440\u043c\u0443 \u044d\u043b\u0435\u043a\u0442\u0440\u043e\u043d\u043d\u043e\u0439 \u043f\u043e\u0447\u0442\u044b, \u0432 \u0441\u043e\u043e\u0442\u0432\u0435\u0442\u0441\u0442\u0432\u0438\u0438 \u0441 \u0420\u0435\u0433\u043b\u0430\u043c\u0435\u043d\u0442\u043e\u043c (\u0415\u0421) \u2116 2016\/679 \u0415\u0432\u0440\u043e\u043f\u0435\u0439\u0441\u043a\u043e\u0433\u043e \u043f\u0430\u0440\u043b\u0430\u043c\u0435\u043d\u0442\u0430 \u0438 \u0421\u043e\u0432\u0435\u0442\u0430 \u043e \u0437\u0430\u0449\u0438\u0442\u0435 \u0444\u0438\u0437\u0438\u0447\u0435\u0441\u043a\u0438\u0445 \u043b\u0438\u0446 \u0432 \u0441\u0432\u044f\u0437\u0438 \u0441 \u043e\u0431\u0440\u0430\u0431\u043e\u0442\u043a\u043e\u0439 \u043f\u0435\u0440\u0441\u043e\u043d\u0430\u043b\u044c\u043d\u044b\u0445 \u0434\u0430\u043d\u043d\u044b\u0445 \u0438 \u043e \u0441\u0432\u043e\u0431\u043e\u0434\u043d\u043e\u043c \u043f\u0435\u0440\u0435\u043c\u0435\u0449\u0435\u043d\u0438\u0438 \u0442\u0430\u043a\u0438\u0445 \u0434\u0430\u043d\u043d\u044b\u0445, \u0430 \u0442\u0430\u043a\u0436\u0435 \u043e\u0431 \u043e\u0442\u043c\u0435\u043d\u0435 \u0414\u0438\u0440\u0435\u043a\u0442\u0438\u0432\u044b 95\/46\/\u0415\u0421 (\u041e\u0431\u0449\u0438\u0439 \u0440\u0435\u0433\u043b\u0430\u043c\u0435\u043d\u0442 \u043f\u043e \u0437\u0430\u0449\u0438\u0442\u0435 \u0434\u0430\u043d\u043d\u044b\u0445) (\u0434\u0430\u043b\u0435\u0435 \u2013 \u00ab\u0420\u0435\u0433\u043b\u0430\u043c\u0435\u043d\u0442\u00bb):<\/p>\n<ul>\n<li>\u0438\u043c\u044f \u0438 \u0444\u0430\u043c\u0438\u043b\u0438\u044f,<\/li>\n<li>\u0442\u0435\u043b\u0435\u0444\u043e\u043d,<\/li>\n<li>\u044d\u043b\u0435\u043a\u0442\u0440\u043e\u043d\u043d\u0430\u044f \u043f\u043e\u0447\u0442\u0430.<\/li>\n<\/ul>\n<p><strong>2.<\/strong> \u0418\u043c\u044f, \u0444\u0430\u043c\u0438\u043b\u0438\u044f, \u043d\u043e\u043c\u0435\u0440 \u0442\u0435\u043b\u0435\u0444\u043e\u043d\u0430 \u0438 \u0430\u0434\u0440\u0435\u0441 \u044d\u043b\u0435\u043a\u0442\u0440\u043e\u043d\u043d\u043e\u0439 \u043f\u043e\u0447\u0442\u044b \u0434\u043e\u043b\u0436\u043d\u044b \u0431\u044b\u0442\u044c \u043e\u0431\u0440\u0430\u0431\u043e\u0442\u0430\u043d\u044b \u0434\u043b\u044f \u043e\u0442\u0432\u0435\u0442\u0430 \u043d\u0430 \u0437\u0430\u043f\u0440\u043e\u0441, \u043e\u0442\u043f\u0440\u0430\u0432\u043b\u0435\u043d\u043d\u044b\u0439 \u0447\u0435\u0440\u0435\u0437 \u043a\u043e\u043d\u0442\u0430\u043a\u0442\u043d\u0443\u044e \u0444\u043e\u0440\u043c\u0443. \u042d\u0442\u0438 \u043f\u0435\u0440\u0441\u043e\u043d\u0430\u043b\u044c\u043d\u044b\u0435 \u0434\u0430\u043d\u043d\u044b\u0435 \u0431\u0443\u0434\u0443\u0442 \u043e\u0431\u0440\u0430\u0431\u0430\u0442\u044b\u0432\u0430\u0442\u044c\u0441\u044f \u043a\u043e\u043c\u043f\u0430\u043d\u0438\u0435\u0439 <strong data-start=\"2766\" data-end=\"2789\">SLAVA School s.r.o.<\/strong> \u0432 \u0442\u0435\u0447\u0435\u043d\u0438\u0435 6 \u043c\u0435\u0441\u044f\u0446\u0435\u0432.<\/p>\n<p><strong>3.<\/strong> \u041e\u0431\u0440\u0430\u0431\u043e\u0442\u043a\u0430 \u043f\u0435\u0440\u0441\u043e\u043d\u0430\u043b\u044c\u043d\u044b\u0445 \u0434\u0430\u043d\u043d\u044b\u0445 \u043e\u0441\u0443\u0449\u0435\u0441\u0442\u0432\u043b\u044f\u0435\u0442\u0441\u044f \u043a\u043e\u043c\u043f\u0430\u043d\u0438\u0435\u0439 <strong data-start=\"2870\" data-end=\"2893\">SLAVA School s.r.o.<\/strong>, \u044f\u0432\u043b\u044f\u044e\u0449\u0435\u0439\u0441\u044f \u043a\u043e\u043d\u0442\u0440\u043e\u043b\u0435\u0440\u043e\u043c \u043f\u0435\u0440\u0441\u043e\u043d\u0430\u043b\u044c\u043d\u044b\u0445 \u0434\u0430\u043d\u043d\u044b\u0445, \u043e\u0434\u043d\u0430\u043a\u043e \u043f\u0435\u0440\u0441\u043e\u043d\u0430\u043b\u044c\u043d\u044b\u0435 \u0434\u0430\u043d\u043d\u044b\u0435 \u0442\u0430\u043a\u0436\u0435 \u043c\u043e\u0433\u0443\u0442 \u043e\u0431\u0440\u0430\u0431\u0430\u0442\u044b\u0432\u0430\u0442\u044c\u0441\u044f \u0434\u043b\u044f \u044d\u0442\u043e\u0439 \u043a\u043e\u043c\u043f\u0430\u043d\u0438\u0438 \u0441\u043b\u0435\u0434\u0443\u044e\u0449\u0438\u043c\u0438 \u043e\u0431\u0440\u0430\u0431\u043e\u0442\u0447\u0438\u043a\u0430\u043c\u0438:<br \/>\n<u><\/u><\/p>\n<ul>\n<li><a href=\"https:\/\/www.mrkev.cz\/\"><strong>Mrkev media<\/strong><\/a><\/li>\n<li><a href=\"https:\/\/bananza.cz\/\"><strong>Bananza<\/strong><\/a><\/li>\n<\/ul>\n<p><strong>4.<\/strong> \u041e\u0431\u0440\u0430\u0442\u0438\u0442\u0435 \u0432\u043d\u0438\u043c\u0430\u043d\u0438\u0435, \u0447\u0442\u043e \u0432 \u0441\u043e\u043e\u0442\u0432\u0435\u0442\u0441\u0442\u0432\u0438\u0438 \u0441 \u0417\u0430\u043a\u043e\u043d\u043e\u043c \u043e \u0437\u0430\u0449\u0438\u0442\u0435 \u0434\u0430\u043d\u043d\u044b\u0445 \u0432\u044b \u0438\u043c\u0435\u0435\u0442\u0435 \u043f\u0440\u0430\u0432\u043e:<\/p>\n<ul>\n<li>\u0437\u0430\u043f\u0440\u043e\u0441\u0438\u0442\u044c \u0443 \u043d\u0430\u0441 \u0438\u043d\u0444\u043e\u0440\u043c\u0430\u0446\u0438\u044e \u043e \u0442\u043e\u043c, \u043a\u0430\u043a\u0438\u0435 \u043f\u0435\u0440\u0441\u043e\u043d\u0430\u043b\u044c\u043d\u044b\u0435 \u0434\u0430\u043d\u043d\u044b\u0435 \u043c\u044b \u043e\u0431\u0440\u0430\u0431\u0430\u0442\u044b\u0432\u0430\u0435\u043c \u043e \u0432\u0430\u0441,<\/li>\n<li>\u0437\u0430\u043f\u0440\u043e\u0441\u0438\u0442\u044c \u0443 \u043d\u0430\u0441 \u043e\u0431\u044a\u044f\u0441\u043d\u0435\u043d\u0438\u044f \u043f\u043e \u043f\u043e\u0432\u043e\u0434\u0443 \u043e\u0431\u0440\u0430\u0431\u043e\u0442\u043a\u0438 \u0432\u0430\u0448\u0438\u0445 \u043f\u0435\u0440\u0441\u043e\u043d\u0430\u043b\u044c\u043d\u044b\u0445 \u0434\u0430\u043d\u043d\u044b\u0445,<\/li>\n<li>\u0437\u0430\u043f\u0440\u043e\u0441\u0438\u0442\u044c \u0434\u043e\u0441\u0442\u0443\u043f \u043a \u044d\u0442\u0438\u043c \u0434\u0430\u043d\u043d\u044b\u043c \u0438 \u0438\u0445 \u043e\u0431\u043d\u043e\u0432\u043b\u0435\u043d\u0438\u0435 \u0438\u043b\u0438 \u0438\u0441\u043f\u0440\u0430\u0432\u043b\u0435\u043d\u0438\u0435,<\/li>\n<li>\u0437\u0430\u043f\u0440\u043e\u0441\u0438\u0442\u044c \u0443\u0434\u0430\u043b\u0435\u043d\u0438\u0435 \u044d\u0442\u0438\u0445 \u043f\u0435\u0440\u0441\u043e\u043d\u0430\u043b\u044c\u043d\u044b\u0445 \u0434\u0430\u043d\u043d\u044b\u0445 &#8212; \u043e\u0434\u043d\u0430\u043a\u043e \u0442\u0430\u043a\u043e\u0435 \u0443\u0434\u0430\u043b\u0435\u043d\u0438\u0435 \u043f\u0440\u0438\u0432\u0435\u0434\u0435\u0442 \u043a \u043f\u0440\u0435\u043a\u0440\u0430\u0449\u0435\u043d\u0438\u044e \u043f\u0435\u0440\u0435\u0433\u043e\u0432\u043e\u0440\u043e\u0432 \u043f\u043e \u043a\u043e\u043d\u0442\u0440\u0430\u043a\u0442\u0443,<\/li>\n<li>\u0441\u0432\u044f\u0437\u0430\u0442\u044c\u0441\u044f \u0441 \u043d\u0430\u043c\u0438 \u0438\u043b\u0438 \u0423\u043f\u0440\u0430\u0432\u043b\u0435\u043d\u0438\u0435\u043c \u043f\u043e \u0437\u0430\u0449\u0438\u0442\u0435 \u0434\u0430\u043d\u043d\u044b\u0445, \u0435\u0441\u043b\u0438 \u0443 \u0432\u0430\u0441 \u0432\u043e\u0437\u043d\u0438\u043a\u043b\u0438 \u0441\u043e\u043c\u043d\u0435\u043d\u0438\u044f \u0432 \u0441\u043e\u0431\u043b\u044e\u0434\u0435\u043d\u0438\u0438 \u043e\u0431\u044f\u0437\u0430\u0442\u0435\u043b\u044c\u0441\u0442\u0432, \u0441\u0432\u044f\u0437\u0430\u043d\u043d\u044b\u0445 \u0441 \u043e\u0431\u0440\u0430\u0431\u043e\u0442\u043a\u043e\u0439 \u043f\u0435\u0440\u0441\u043e\u043d\u0430\u043b\u044c\u043d\u044b\u0445 \u0434\u0430\u043d\u043d\u044b\u0445.<\/li>\n<\/ul>\n<h2><\/h2>\n","protected":false},"excerpt":{"rendered":"<p>1. \u041a\u043e\u043c\u043f\u0430\u043d\u0438\u044f SLAVA School s.r.o., \u0441 \u044e\u0440\u0438\u0434\u0438\u0447\u0435\u0441\u043a\u0438\u043c \u0430\u0434\u0440\u0435\u0441\u043e\u043c Karlovo n\u00e1m\u011bst\u00ed 292\/15, \u041d\u043e\u0432\u0435 \u041c\u0435\u0441\u0442\u043e, 120 00 \u041f\u0440\u0430\u0433\u0430 2, \u0437\u0430\u0440\u0435\u0433\u0438\u0441\u0442\u0440\u0438\u0440\u043e\u0432\u0430\u043d\u0430 (&hellip;)<\/p>\n","protected":false},"author":1,"featured_media":0,"parent":0,"menu_order":0,"comment_status":"closed","ping_status":"closed","template":"","meta":{"_acf_changed":false,"inline_featured_image":false,"footnotes":""},"class_list":["post-918","page","type-page","status-publish","hentry"],"acf":[],"aioseo_notices":[],"_links":{"self":[{"href":"https:\/\/www.slavaschool.cz\/ru\/wp-json\/wp\/v2\/pages\/918","targetHints":{"allow":["GET"]}}],"collection":[{"href":"https:\/\/www.slavaschool.cz\/ru\/wp-json\/wp\/v2\/pages"}],"about":[{"href":"https:\/\/www.slavaschool.cz\/ru\/wp-json\/wp\/v2\/types\/page"}],"author":[{"embeddable":true,"href":"https:\/\/www.slavaschool.cz\/ru\/wp-json\/wp\/v2\/users\/1"}],"replies":[{"embeddable":true,"href":"https:\/\/www.slavaschool.cz\/ru\/wp-json\/wp\/v2\/comments?post=918"}],"version-history":[{"count":6,"href":"https:\/\/www.slavaschool.cz\/ru\/wp-json\/wp\/v2\/pages\/918\/revisions"}],"predecessor-version":[{"id":1415,"href":"https:\/\/www.slavaschool.cz\/ru\/wp-json\/wp\/v2\/pages\/918\/revisions\/1415"}],"wp:attachment":[{"href":"https:\/\/www.slavaschool.cz\/ru\/wp-json\/wp\/v2\/media?parent=918"}],"curies":[{"name":"wp","href":"https:\/\/api.w.org\/{rel}","templated":true}]}}